{"id":96,"date":"2018-03-29T01:11:43","date_gmt":"2018-03-28T22:11:43","guid":{"rendered":"http:\/\/amlr.ro\/?page_id=96"},"modified":"2024-08-04T23:28:44","modified_gmt":"2024-08-04T20:28:44","slug":"rrml","status":"publish","type":"page","link":"https:\/\/amlr.ro\/?page_id=96","title":{"rendered":"RRML"},"content":{"rendered":"<div class=\"content_item\">\n<p class=\"short\"><img loading=\"lazy\" decoding=\"async\" class=\"alignnone wp-image-511 size-full\" src=\"https:\/\/amlr.ro\/wp-content\/uploads\/2019\/02\/coperta.jpg\" alt=\"\" width=\"200\" height=\"272\" align=\"left\" hspace=\"10\" \/>\u00a0<strong>Revista Rom\u00e2n\u0103 de Medicin\u0103 de Laborator (RRML)<\/strong> este publica\u0163ia oficial\u0103 a Asocia\u0163iei de Medicin\u0103 de Laborator din Rom\u00e2nia, ISSN 1841-6624.<\/p>\n<p class=\"short\">Site-ul oficial al revistei: <a href=\"http:\/\/www.rrml.ro\/\" target=\"_blank\" rel=\"noopener noreferrer\">www.rrml.ro<\/a><\/p>\n<p class=\"short\"><strong>Comitetul de redac\u0163ie:<\/strong><br \/>\n<strong>Redactor \u015fef:<\/strong>\u00a0Prof. Dr.\u00a0Minodora Dobreanu<br \/>\n<strong>Redactor \u015fef adjunct:<\/strong> Prof. Dr. Adrian Man<br \/>\n<b>Editor\u200bi\u200b de specialitate:\u200b\u00a0<\/b>Prof. Dr. Claudia B\u0103nescu, Prof. Dr. Alina Scridon, Dr. Cristina Elena Selicean, Conf. Dr. Edit Szekely, Conf. Dr. Simona Cernea, Prof. Dr. Carmen Duicu, Lect\u200b. \u200bDr. Adela Nechifor-Boil\u0103, B\u200biol. Dr. \u200bDoina Ramona Manu<br \/>\n<strong>Secretar:<\/strong> \u200bDr. Floredana \u0218ular<br \/>\n<strong>Statist\u200bica\u200b:\u00a0<\/strong>Prof. Dr. Septimiu Void\u0103zan, Lect. Dr. Mihaela Iancu<br \/>\n<b>Editori limba englez<\/b><b>a\u200b:\u200b\u00a0<\/b>Conf. Dr.\u00a0Anisoara Pop,\u00a0Lect. Dr.\u00a0Adrian N\u0103znean,\u00a0Lect. Dr.\u00a0Aurora Pa\u0219can,\u00a0Lect. Dr.\u00a0Emanuela Tegla<\/p>\n<hr \/>\n<\/div>\n<div class=\"content_item\">\n<h2><strong>Credit\u0103ri RRML<\/strong><\/h2>\n<p class=\"short\"><strong>Thomson Reuters Scientific &#8211; ISI Web of Knowledge<\/strong><br \/>\n\u00cencep\u00e2nd cu anul 2008, RRML este indexat\u0103 in ISI Web of Knowledge &#8211; Web of Science &#8211; Science Citation Index Expanded (<a href=\"http:\/\/mjl.clarivate.com\/cgi-bin\/jrnlst\/jlresults.cgi?PC=MASTER&amp;ISSN=1841-6624\">Clarivate analytics<\/a>).<\/p>\n<p><strong>Committee on Publication Ethics<\/strong> (COPE)<\/p>\n<p>\u00cencepand cu anul 2012, RRML este membru <a href=\"http:\/\/publicationethics.org\/members\/romanian-review-laboratory-medicine\">COPE<\/a><\/p>\n<p><strong>Elsevier Bibliographic Databases<\/strong><\/p>\n<p>RRML este indexat\u0103 \u00een bazele de date <a href=\"https:\/\/www.scopus.com\/sourceid\/19400158357\">SCOPUS<\/a> \u015fi EMCARE, \u00eencep\u00e2nd cu anul 2008.<\/p>\n<p align=\"justify\"><strong>Directory of Open Access Journals (DOAJ)<\/strong><\/p>\n<p align=\"justify\">\u00cencepand cu 2016 revista este indexat\u0103 \u00een <a href=\"https:\/\/doaj.org\/toc\/2284-5623\">DOAJ<\/a>.<\/p>\n<p class=\"short\"><strong>SCOPUS \u015fi EMCARE<\/strong><br \/>\nRRML este indexat\u0103 de c\u0103tre Elsevier Bibliographic Databases \u00een SCOPUS \u015fi EMCARE, \u00eencep\u00e2nd cu anul 2008.<\/p>\n<p class=\"short\"><strong>CNCSIS<\/strong><br \/>\n\u00cen urma evalu\u0103rii din luna decembrie 2008, RRML este recunoscut\u0103 de c\u0103tre CNCSIS (categoria A) cu codul CNCSIS 739.<\/p>\n<p class=\"short\"><strong>CMR<\/strong><br \/>\nPrin adresa Nr. 3218\/09.06.2008 a Departamentului Profesional &#8211; \u015etiin\u0163ific al CMR, RRML a fost introdus\u0103 \u00een Nomenclatorul Publica\u0163iilor Medicale al CMR pentru anul 2008. Medicii abona\u0163i la aceast\u0103 publica\u0163ie sunt credita\u0163i cu 5 credite EMC.<\/p>\n<p class=\"short\"><strong>OBBCSSR<\/strong><br \/>\nPrin adresa Nr. 1779\/28.02.2007, OBBCSSR a creditat RRML cu 7 credite EMC.<\/p>\n<\/div>\n","protected":false},"excerpt":{"rendered":"<p>\u00a0Revista Rom\u00e2n\u0103 de Medicin\u0103 de Laborator (RRML) este publica\u0163ia oficial\u0103 a Asocia\u0163iei de Medicin\u0103 de Laborator din Rom\u00e2nia, ISSN 1841-6624.<\/p>\n","protected":false},"author":1,"featured_media":0,"parent":13,"menu_order":0,"comment_status":"closed","ping_status":"closed","template":"","meta":{"colormag_page_container_layout":"default_layout","colormag_page_sidebar_layout":"default_layout","footnotes":""},"class_list":["post-96","page","type-page","status-publish","hentry"],"_links":{"self":[{"href":"https:\/\/amlr.ro\/index.php?rest_route=\/wp\/v2\/pages\/96","targetHints":{"allow":["GET"]}}],"collection":[{"href":"https:\/\/amlr.ro\/index.php?rest_route=\/wp\/v2\/pages"}],"about":[{"href":"https:\/\/amlr.ro\/index.php?rest_route=\/wp\/v2\/types\/page"}],"author":[{"embeddable":true,"href":"https:\/\/amlr.ro\/index.php?rest_route=\/wp\/v2\/users\/1"}],"replies":[{"embeddable":true,"href":"https:\/\/amlr.ro\/index.php?rest_route=%2Fwp%2Fv2%2Fcomments&post=96"}],"version-history":[{"count":6,"href":"https:\/\/amlr.ro\/index.php?rest_route=\/wp\/v2\/pages\/96\/revisions"}],"predecessor-version":[{"id":1254,"href":"https:\/\/amlr.ro\/index.php?rest_route=\/wp\/v2\/pages\/96\/revisions\/1254"}],"up":[{"embeddable":true,"href":"https:\/\/amlr.ro\/index.php?rest_route=\/wp\/v2\/pages\/13"}],"wp:attachment":[{"href":"https:\/\/amlr.ro\/index.php?rest_route=%2Fwp%2Fv2%2Fmedia&parent=96"}],"curies":[{"name":"wp","href":"https:\/\/api.w.org\/{rel}","templated":true}]}}