{"id":463,"date":"2023-03-30T21:28:43","date_gmt":"2023-03-30T18:28:43","guid":{"rendered":"http:\/\/amlr.ro\/?page_id=463"},"modified":"2024-02-19T18:08:45","modified_gmt":"2024-02-19T15:08:45","slug":"granturi-de-cercetare-stiintifica-profesionala","status":"publish","type":"page","link":"https:\/\/amlr.ro\/?page_id=463","title":{"rendered":"Granturi de cercetare \u0219tiin\u021bific\u0103\/profesional\u0103 AMLR"},"content":{"rendered":"\n<p>Competi\u021bia intern\u0103 pentru granturi de cercetare \u0219tiin\u021bific\u0103 \/ profesional\u0103 organizat\u0103 de c\u0103tre AMLR, are ca obiectiv \u00eencurajarea cercet\u0103torilor\/speciali\u0219tilor \u00een medicina de laborator pentru a-\u0219i finaliza cercet\u0103rile prev\u0103zute \u00een cadrul programului de doctorat sau \u00een cadrul unor cercet\u0103ri postdoctorale.<\/p>\n\n\n\n<p><strong>Criterii de eligibilitate (criterii cumulative)<\/strong><\/p>\n\n\n\n<ul class=\"wp-block-list\">\n<li>directorul propunerii de proiect este membru AMLR<\/li>\n\n\n\n<li>directorul propunerii de proiect este doctor \u00een \u0219tiin\u021be sau este doctorand<\/li>\n\n\n\n<li>directorul propunerii de proiect a depus un singur proiect \u00een aceast\u0103 competi\u021bie<\/li>\n<\/ul>\n\n\n\n<p><strong>Durata \u0219i valoarea proiectului<\/strong><\/p>\n\n\n\n<ul class=\"wp-block-list\">\n<li>Durata proiectului este de 12 luni, \u00eencep\u00e2nd de la 1 ianuarie a anului urm\u0103tor.<\/li>\n\n\n\n<li>Valoarea proiectului este de 5.000 Euro \u2013 echivalent \u00een lei.<\/li>\n<\/ul>\n\n\n\n<p><strong>Cheltuieli eligibile <\/strong><\/p>\n\n\n\n<ul class=\"wp-block-list\">\n<li>cheltuieli de logistic\u0103 \u0219i de de mobilit\u0103\u021bi (maximum 20% din valoarea proiectului). Nu sunt eligibile cheltuieli de salarizare.<\/li>\n<\/ul>\n\n\n\n<p><strong>Depunerea propunerii de proiect<\/strong><\/p>\n\n\n\n<ul class=\"wp-block-list\">\n<li><span lang=\"FR\">Propunerile de proiect se depun exclusiv on-line, pe adresa de e-mail <a href=\"mailto:office@rrml.ro\">office@rrml.ro<\/a>, \u00een intervalul 15 februarie &#8211; 15 aprilie <span style=\"color: #3f3f46;\">al fiec\u0103rui an calendaristic<\/span>.\u00a0<\/span><\/li>\n<\/ul>\n\n\n\n<p><strong>Documente<\/strong><\/p>\n\n\n\n<p><a href=\"https:\/\/amlr.ro\/wp-content\/uploads\/2024\/02\/Descrierea-procedurii-granturi-AMLR.pdf\" data-type=\"attachment\" data-id=\"1215\">Descrierea procedurii &#8211; granturi AMLR<\/a><\/p>\n\n\n\n<p><a href=\"https:\/\/amlr.ro\/wp-content\/uploads\/2023\/03\/Anexa-1.docx\">Anexa 1 &#8211; propunere de proiect<\/a><\/p>\n\n\n\n<p><a href=\"https:\/\/amlr.ro\/wp-content\/uploads\/2023\/03\/Anexa-2.pdf\">Anexa 2 &#8211; criterii de evaluare<\/a><\/p>\n","protected":false},"excerpt":{"rendered":"<p>Competi\u021bia intern\u0103 pentru granturi de cercetare \u0219tiin\u021bific\u0103 \/ profesional\u0103 organizat\u0103 de c\u0103tre AMLR, are ca obiectiv \u00eencurajarea cercet\u0103torilor\/speciali\u0219tilor \u00een medicina<\/p>\n","protected":false},"author":1,"featured_media":0,"parent":0,"menu_order":0,"comment_status":"closed","ping_status":"closed","template":"","meta":{"colormag_page_container_layout":"default_layout","colormag_page_sidebar_layout":"default_layout","footnotes":""},"class_list":["post-463","page","type-page","status-publish","hentry"],"_links":{"self":[{"href":"https:\/\/amlr.ro\/index.php?rest_route=\/wp\/v2\/pages\/463","targetHints":{"allow":["GET"]}}],"collection":[{"href":"https:\/\/amlr.ro\/index.php?rest_route=\/wp\/v2\/pages"}],"about":[{"href":"https:\/\/amlr.ro\/index.php?rest_route=\/wp\/v2\/types\/page"}],"author":[{"embeddable":true,"href":"https:\/\/amlr.ro\/index.php?rest_route=\/wp\/v2\/users\/1"}],"replies":[{"embeddable":true,"href":"https:\/\/amlr.ro\/index.php?rest_route=%2Fwp%2Fv2%2Fcomments&post=463"}],"version-history":[{"count":11,"href":"https:\/\/amlr.ro\/index.php?rest_route=\/wp\/v2\/pages\/463\/revisions"}],"predecessor-version":[{"id":1219,"href":"https:\/\/amlr.ro\/index.php?rest_route=\/wp\/v2\/pages\/463\/revisions\/1219"}],"wp:attachment":[{"href":"https:\/\/amlr.ro\/index.php?rest_route=%2Fwp%2Fv2%2Fmedia&parent=463"}],"curies":[{"name":"wp","href":"https:\/\/api.w.org\/{rel}","templated":true}]}}