{"id":237,"date":"2018-04-09T11:58:16","date_gmt":"2018-04-09T08:58:16","guid":{"rendered":"http:\/\/amlr.ro\/?page_id=237"},"modified":"2024-10-21T20:12:02","modified_gmt":"2024-10-21T17:12:02","slug":"linkuri-utile","status":"publish","type":"page","link":"https:\/\/amlr.ro\/?page_id=237","title":{"rendered":"Linkuri"},"content":{"rendered":"<div class=\"maincontent\">\n<div class=\"maincontent_large\">\n<h4>Standardizare<\/h4>\n<ul>\n<li><a href=\"https:\/\/www.asro.ro\/membri-asro\/\">ASRO &#8211; Organismul Na\u0163ional de Standardizare<\/a><\/li>\n<\/ul>\n<h4>Utile<\/h4>\n<div class=\"content_item\">\n<ul>\n<li><a href=\"https:\/\/eflmlabx.eflm.eu\/en\">Exchange of practical knowledge and skills in Laboratory Medicine &#8211; EFLMLabX<\/a><\/li>\n<li><a href=\"https:\/\/www.uefiscdi.ro\/\" target=\"_blank\" rel=\"noopener\">UEFISCDI<\/a><\/li>\n<li><a href=\"http:\/\/www.research.gov.ro\/\" target=\"_blank\" rel=\"noopener\">Autoritatea Na\u0163ional\u0103 pentru Cercetare \u015etiin\u0163ific\u0103<\/a><\/li>\n<li><a href=\"http:\/\/www.ms.ro\/\" target=\"_blank\" rel=\"noopener\">Ministerul S\u0103n\u0103t\u0103\u0163ii<\/a><\/li>\n<li><a href=\"http:\/\/www.edu.ro\/\" target=\"_blank\" rel=\"noopener\">Ministerul Educa\u0163iei, Cercet\u0103rii, Tineretului \u015fi Sportului<\/a><\/li>\n<li><a href=\"https:\/\/cordis.europa.eu\/\" target=\"_blank\" rel=\"noopener\">European Commission Cordis<\/a><\/li>\n<li><a href=\"http:\/\/www.anpcdefp.ro\/\" target=\"_blank\" rel=\"noopener\">Agen\u0163ia Na\u0163ional\u0103 pentru Programe Comunitare \u00een Domeniul Educa\u0163iei \u015fi Form\u0103rii Continue Profesionale<\/a><\/li>\n<li><a href=\"http:\/\/publicationethics.org\/\">Committee on Publication Ethics (COPE)<\/a><\/li>\n<li><a href=\"http:\/\/www.icmje.org\/\">International Committee of Medical Journal Editors<\/a><\/li>\n<\/ul>\n<h4>Reviste<\/h4>\n<ul>\n<li><a href=\"http:\/\/rrml.ro\">Revista Rom\u00e2n\u0103 de Medicin\u0103 de Laborator<\/a><\/li>\n<li><a href=\"http:\/\/www.actamedicamarisiensis.ro\">Acta Marisiensis Seria Medica<\/a><\/li>\n<li><a href=\"http:\/\/biochemia-medica.com\/\">Biochemia Medica<\/a><\/li>\n<li><a href=\"http:\/\/www.degruyter.com\/view\/j\/cclm\">Clinical Chemistry and Laboratory Medicine<\/a><\/li>\n<li><a href=\"http:\/\/www.clinchem.org\/\">Clinical Chemistry<\/a><\/li>\n<li><a href=\"http:\/\/www.journals.elsevier.com\/clinica-chimica-acta\/#description\">Clinica Chimica Acta<\/a><\/li>\n<li><a href=\"http:\/\/www.rjme.ro\/RJME\/jsp\/currentiss.jsp\">Romanian Journal of Morphology and Embryology<\/a><\/li>\n<\/ul>\n<\/div>\n<div class=\"content_item\">\n<h4>Societ\u0103\u0163i de profil na\u0163ionale \u015fi interna\u0163ionale<\/h4>\n<ul>\n<li><a href=\"https:\/\/www.ifcc.org\/\" target=\"_blank\" rel=\"noopener\">International Federation of Clinical Chemistry and Laboratory Medicine (IFCC)<\/a><\/li>\n<li><a href=\"https:\/\/www.eflm.eu\/\" target=\"_blank\" rel=\"noopener\">European Federation of Clinical Chemistry and Laboratory Medicine (EFLM)<\/a><\/li>\n<li><a href=\"http:\/\/www.srh.org.ro\/\" target=\"_blank\" rel=\"noopener\">Societatea Rom\u00e2n\u0103 de Hematologie<\/a><\/li>\n<li><a href=\"http:\/\/www.srm.ro\/\" target=\"_blank\" rel=\"noopener\">Societatea Rom\u00e2n\u0103 de Microbiologie (SRM)<\/a><\/li>\n<li><a href=\"http:\/\/www.societateadeimunologie.ro\">Societatea Rom\u00e2n\u0103 de Imunologie<\/a><\/li>\n<li><a href=\"http:\/\/www.fungi.ro\/\" target=\"_blank\" rel=\"noopener\">Societatea Rom\u00e2n\u0103 de Micologie \u015fi Micotoxicologie<\/a><\/li>\n<li><a href=\"http:\/\/www.sraic.ro\/index\/index.php?go=manifestari\" target=\"_blank\" rel=\"noopener\">Societatea Rom\u00e2n\u0103 de Alergologie \u015fi Imunologie Clinic\u0103<\/a><\/li>\n<li><a href=\"http:\/\/www.snbc.ro\/\" target=\"_blank\" rel=\"noopener\">Societatea Rom\u00e2n\u0103 de Biologie Celular\u0103<\/a><\/li>\n<li><a href=\"http:\/\/www.hemostaza-tromboza.ro\" target=\"_blank\" rel=\"noopener\">Societatea Rom\u00e2n\u0103 de Hemostaz\u0103 \u0219i Tromboz\u0103 (SRHT)<\/a><\/li>\n<li><a href=\"http:\/\/www.citometrie.ro\/\">Asocia\u021bia de Citometrie din Rom\u00e2nia<\/a><\/li>\n<li><a href=\"http:\/\/www.cfmr.ro\" target=\"_blank\" rel=\"noopener\">Colegiul Fizicienilor Medicali din Rom\u00e2nia (CFMR)<\/a><\/li>\n<li><a href=\"http:\/\/www.escmid.org\/\" target=\"_blank\" rel=\"noopener\">European Society of Clinical Microbiology and Infectious Diseases (ESCMID)<\/a><\/li>\n<li><a href=\"http:\/\/www.efiweb.eu\/\" target=\"_blank\" rel=\"noopener\">European Federation for Immunogenetics<\/a><\/li>\n<li><a href=\"http:\/\/www.isth.org\">International Society on Thrombosis and Haemostasis\u00a0<\/a><\/li>\n<\/ul>\n<\/div>\n<div class=\"content_item\">\n<h4>Ghiduri<\/h4>\n<ul>\n<li><a href=\"http:\/\/www.escmid.org\/escmid_library\/medical_guidelines\/\" target=\"_blank\" rel=\"noopener\">ESCMID Medical Guidelines<\/a><\/li>\n<li><a href=\"http:\/\/www.ifcc.org\/pdf\/GUM_JCGM_100_2008_E.pdf\" target=\"_blank\" rel=\"noopener\">GUM JCGM Guidelines<\/a><\/li>\n<\/ul>\n<\/div>\n<div class=\"content_item\">\n<h3>Burse<\/h3>\n<ul>\n<li><a href=\"http:\/\/www.auf.org\/\" target=\"_blank\" rel=\"noopener\">Agence Universitaire de la Francophonie<\/a><\/li>\n<li><a href=\"http:\/\/www.roburse.ro\/\" target=\"_blank\" rel=\"noopener\">Agen\u0163ia de Credite \u015fi Burse de Studii<\/a><\/li>\n<\/ul>\n<\/div>\n<div class=\"content_item\">\n<h4>Universit\u0103\u0163i<\/h4>\n<ul>\n<li><a href=\"http:\/\/www.upmc.fr\/\" target=\"_blank\" rel=\"noopener\">Universit\u00e9 Pierre et Marie Curie<\/a><\/li>\n<li><a href=\"http:\/\/www.university-directory.eu\/France\/University-Paris-Descartes.html\" target=\"_blank\" rel=\"noopener\">Universit\u00e9 Paris Descartes Fran\u0163a<\/a><\/li>\n<li><a href=\"http:\/\/www.ulg.ac.be\/\" target=\"_blank\" rel=\"noopener\">Universit\u00e9 Louis Pasteur, Strasbourg I<\/a><\/li>\n<li><a href=\"http:\/\/www.univ-lyon1.fr\/\" target=\"_blank\" rel=\"noopener\">Universit\u00e9 Claude Bernard, Lyon 1<\/a><\/li>\n<li><a href=\"http:\/\/www.almr.ro\/University of Szeged?phpMyAdmin=5rL1hXjLVGj0fiZoVeZ5lKRVvfa&amp;phpMyAdmin=JcQoMSncoVui8MH7aPOc3hZ%2CT4b&amp;phpMyAdmin=cG6xD8qXBqzaAKXVBvirQgwLI%2Cf\" target=\"_blank\" rel=\"noopener\">University of Szeged<\/a><\/li>\n<li><a href=\"http:\/\/www.sote.hu\/\" target=\"_blank\" rel=\"noopener\">Semmelweis University<\/a><\/li>\n<\/ul>\n<\/div>\n<div class=\"content_item\">\n<h4>Institu\u0163ii<\/h4>\n<ul>\n<li><a href=\"http:\/\/www.cantacuzino.ro\/ro\/\" target=\"_blank\" rel=\"noopener\">Institutul Cantacuzino<\/a><\/li>\n<li><a href=\"http:\/\/www.virology.ro\/\" target=\"_blank\" rel=\"noopener\">The Romanian Academy \u015etefan S. Nicolau Institute Of Virology<\/a><\/li>\n<li><a href=\"http:\/\/www.icfundeni.ro\/\" target=\"_blank\" rel=\"noopener\">Institutul Clinic Fundeni<\/a><\/li>\n<li><a href=\"http:\/\/www.institutulinimii.ro\/\" target=\"_blank\" rel=\"noopener\">Institutul Inimii Niculae St\u0103ncioiu Cluj-Napoca<\/a><\/li>\n<li><a href=\"http:\/\/www.iocn.ro\/\" target=\"_blank\" rel=\"noopener\">Institutul Oncologic &#8220;Prof. Dr. I. Chiricu\u0163\u0103&#8221; Cluj-Napoca<\/a><\/li>\n<li><a href=\"http:\/\/www.mateibals.ro\/\" target=\"_blank\" rel=\"noopener\">Institutul Na\u0163ional de Boli Infec\u0163ioase Prof. Dr. Matei Bal\u015f<\/a><\/li>\n<li><a href=\"http:\/\/www.pasteur.fr\/ip\/index.jsp\" target=\"_blank\" rel=\"noopener\">Institutul Pasteur, Fran\u0163a<\/a><\/li>\n<\/ul>\n<\/div>\n<\/div>\n<\/div>\n","protected":false},"excerpt":{"rendered":"<p>Standardizare ASRO &#8211; Organismul Na\u0163ional de Standardizare Utile Exchange of practical knowledge and skills in Laboratory Medicine &#8211; EFLMLabX UEFISCDI<\/p>\n","protected":false},"author":1,"featured_media":0,"parent":0,"menu_order":0,"comment_status":"closed","ping_status":"closed","template":"","meta":{"colormag_page_container_layout":"default_layout","colormag_page_sidebar_layout":"default_layout","footnotes":""},"class_list":["post-237","page","type-page","status-publish","hentry"],"_links":{"self":[{"href":"https:\/\/amlr.ro\/index.php?rest_route=\/wp\/v2\/pages\/237","targetHints":{"allow":["GET"]}}],"collection":[{"href":"https:\/\/amlr.ro\/index.php?rest_route=\/wp\/v2\/pages"}],"about":[{"href":"https:\/\/amlr.ro\/index.php?rest_route=\/wp\/v2\/types\/page"}],"author":[{"embeddable":true,"href":"https:\/\/amlr.ro\/index.php?rest_route=\/wp\/v2\/users\/1"}],"replies":[{"embeddable":true,"href":"https:\/\/amlr.ro\/index.php?rest_route=%2Fwp%2Fv2%2Fcomments&post=237"}],"version-history":[{"count":10,"href":"https:\/\/amlr.ro\/index.php?rest_route=\/wp\/v2\/pages\/237\/revisions"}],"predecessor-version":[{"id":1267,"href":"https:\/\/amlr.ro\/index.php?rest_route=\/wp\/v2\/pages\/237\/revisions\/1267"}],"wp:attachment":[{"href":"https:\/\/amlr.ro\/index.php?rest_route=%2Fwp%2Fv2%2Fmedia&parent=237"}],"curies":[{"name":"wp","href":"https:\/\/api.w.org\/{rel}","templated":true}]}}