{"id":1195,"date":"2024-01-26T09:23:38","date_gmt":"2024-01-26T06:23:38","guid":{"rendered":"https:\/\/amlr.ro\/?page_id=1195"},"modified":"2024-02-12T17:12:24","modified_gmt":"2024-02-12T14:12:24","slug":"ghiduri-profesionale","status":"publish","type":"page","link":"https:\/\/amlr.ro\/?page_id=1195","title":{"rendered":"Ghiduri profesionale"},"content":{"rendered":"\n<hr class=\"wp-block-separator aligncenter has-alpha-channel-opacity\"\/>\n\n\n\n<h2 class=\"wp-block-heading\">Recomandarea comun\u0103 EFLM-COLABIOCLI pentru recoltarea s\u00e2ngelui venos &#8211; v 1.1, iunie 2018<\/h2>\n\n\n\n<p><em>Ana-Maria Simundic,&nbsp;the Working Group for Preanalytical Phase (WG-PRE) of the European Federation of Clinical Chemistry and Laboratory Medicine (EFLM) and Latin American Working Group for Preanalytical Phase (WG-PRE-LATAM) of the Latin America Confederation of Clinical Biochemistry (COLABIOCLI)<\/em><\/p>\n\n\n\n<p>Acest document ofer\u0103 o recomandare comun\u0103 a Federa\u021biei Europene de Chimie Clinic\u0103 \u0219i Medicin\u0103 de Laborator (EFLM), Grupului de lucru pentru faza preanalitic\u0103 (WG-PRE) \u0219i Grupului de lucru din America Latin\u0103 pentru Faza preanalitic\u0103 (WG-PRE-LATAM) al Confedera\u021biei Americii Latine de Biochimie Clinic\u0103 (COLABIOCLI) pentru recoltarea s\u00e2ngelui venos. Documentul ofer\u0103 \u00eendrum\u0103ri asupra cerin\u021belor pentru asigurarea faptului c\u0103 procedura de recoltare a s\u00e2ngelui este una sigur\u0103, centrat\u0103 pe pacient \u0219i ofer\u0103 \u00eendrum\u0103ri practice despre cum s\u0103 fie dep\u0103\u0219ite cu succes poten\u021biale bariere \u0219i obstacole \u00een calea difuz\u0103rii \u0219i implement\u0103rii ei. Publicul \u021bint\u0103 pentru aceast\u0103 recomandare este personalul medical implicat direct \u00een procesul de recoltare a s\u00e2ngelui. Aceast\u0103 recomandare se aplic\u0103 \u00een cazul utiliz\u0103rii unui sistem \u00eenchis de recoltare a s\u00e2ngelui \u0219i nu ofer\u0103 recomand\u0103ri pentru recoltarea s\u00e2ngelui cu seringi \u0219i catetere \u00een sistem deschis. Mai mult, acest document nu abordeaz\u0103 ob\u021binerea consim\u021b\u0103m\u00e2ntului pacientului, solicitarea testelor, manipularea \u0219i transportul probelor \u0219i nici recoltarea de la copii \u0219i pacien\u021bii incon\u0219tien\u021bi. Procedura recomandat\u0103 se bazeaz\u0103 pe cele mai bune dovezi disponibile. Fiecare pas a fost evaluat folosind un sistem care puncteaz\u0103 calitatea dovezilor \u0219i puterea recomand\u0103rii. Procesul de evaluare a fost realizat la mai multe \u00eent\u00e2lniri fa\u021b\u0103 \u00een fa\u021b\u0103 implic\u00e2nd acelea\u0219i p\u0103r\u021bi interesate men\u021bionate anterior. Principalele p\u0103r\u021bi ale acestei recomand\u0103ri sunt: 1) Proceduri de pre-recoltare, 2) Procedura de recoltare, 3) Proceduri de post-recoltare \u015fi 4) Implementarea. O prim\u0103 schi\u021b\u0103 a recomand\u0103rii a fost transmis\u0103 membrilor EFLM pentru consultare public\u0103. A fost invitat \u0219i WG-PRE-LATAM pentru a comenta documentul. O versiune revizuit\u0103 a fost trimis\u0103 spre vot tuturor membrilor EFLM \u0219i COLABIOCLI \u0219i a fost aprobat\u0103 oficial de 33 dintre cei 40 de membri EFLM \u0219i to\u021bi membri COLABIOCLI. \u00cencuraj\u0103m profesioni\u0219tii din toat\u0103 Europa \u015fi America Latin\u0103 s\u0103 adopte \u015fi s\u0103 implementeze aceast\u0103 recomandare pentru a \u00eembun\u0103t\u0103\u021bi calitatea practicilor de recoltare a s\u00e2ngelui \u0219i cre\u0219terea siguran\u021bei pacientului \u0219i personalului medical.<\/p>\n\n\n\n<details class=\"wp-block-details is-layout-flow wp-block-details-is-layout-flow\"><summary>Deschide mai departe<\/summary>\n<p><\/p>\n\n\n\n<div data-wp-interactive=\"core\/file\" class=\"wp-block-file\"><object data-wp-bind--hidden=\"!state.hasPdfPreview\" hidden class=\"wp-block-file__embed\" data=\"https:\/\/amlr.ro\/wp-content\/uploads\/2024\/01\/Recomandarea-comuna-EFLM-COLABIOCLI-pentru-recoltarea-sangelui-venos.pdf\" type=\"application\/pdf\" style=\"width:100%;height:600px\" aria-label=\"Embed of Recomandarea comun\u0103 EFLM-COLABIOCLI pentru recoltarea s\u00e2ngelui venos.\"><\/object><a id=\"wp-block-file--media-009d3975-d86c-445d-97c8-33faee958542\" href=\"https:\/\/amlr.ro\/wp-content\/uploads\/2024\/01\/Recomandarea-comuna-EFLM-COLABIOCLI-pentru-recoltarea-sangelui-venos.pdf\">Recomandarea comun\u0103 EFLM-COLABIOCLI pentru recoltarea s\u00e2ngelui venos<\/a><a href=\"https:\/\/amlr.ro\/wp-content\/uploads\/2024\/01\/Recomandarea-comuna-EFLM-COLABIOCLI-pentru-recoltarea-sangelui-venos.pdf\" class=\"wp-block-file__button wp-element-button\" download aria-describedby=\"wp-block-file--media-009d3975-d86c-445d-97c8-33faee958542\">Download<\/a><\/div>\n<\/details>\n\n\n\n<hr class=\"wp-block-separator aligncenter has-alpha-channel-opacity\"\/>\n\n\n\n<h2 class=\"wp-block-heading\">GHIDUL EFLM PENTRU LABORATOARE MEDICALE ECOLOGICE \u0218I SUSTENABILE<\/h2>\n\n\n\n<p><em>Traducere din limba englez\u0103 \u00een limba rom\u00e2n\u0103 de Cristina Preda, Krisztina Pal \u0219i Adina Hu\u021banu, prin amabilitatea prof. Tomris Ozben, pre\u0219edinte EFLM \u0219i pre\u0219edinte EFLM TF-Green Labs.<\/em><\/p>\n\n\n\n<p>EFLM a constituit un &#8220;GRUP DE LUCRU LABORATOARE VERZI&#8221; pentru a ajuta laboratoarele medicale s\u0103 implementeze practici durabile \u0219i s\u0103 \u00eembun\u0103t\u0103\u021beasc\u0103 performan\u021ba lor \u00een ceea ce prive\u0219te sustenabilitatea \u00een Europa \u0219i dincolo de aceasta.<br>Scopul este s\u0103 adune \u0219i s\u0103 \u00eemp\u0103rt\u0103\u0219easc\u0103 cele mai bune practici pentru a ghida laboratoarele \u00een tranzi\u021bia lor c\u0103tre spa\u021bii mai sustenabile, reduc\u00e2nd impactul lor<br>asupra mediului \u0219i implement\u00e2nd ac\u021biuni eficiente \u00een laboratoare, lu\u00e2nd m\u0103suri pentru minimizarea consumului de energie, ap\u0103 \u0219i substan\u021be chimice periculoase, precum \u0219i generarea de de\u0219euri, f\u0103r\u0103 a compromite calitatea serviciilor de s\u0103n\u0103tate.<\/p>\n\n\n\n<details class=\"wp-block-details is-layout-flow wp-block-details-is-layout-flow\"><summary>Deschide mai departe<\/summary>\n<div data-wp-interactive=\"core\/file\" class=\"wp-block-file\"><object data-wp-bind--hidden=\"!state.hasPdfPreview\" hidden class=\"wp-block-file__embed\" data=\"https:\/\/amlr.ro\/wp-content\/uploads\/2024\/02\/EFLM-GREEN-LAB-BOOKLET-ROU.pdf\" type=\"application\/pdf\" style=\"width:100%;height:600px\" aria-label=\"Embed of EFLM-GREEN-LAB-BOOKLET-ROU.\"><\/object><a id=\"wp-block-file--media-414a227b-c2d5-450d-a8db-c185e97aaa1e\" href=\"https:\/\/amlr.ro\/wp-content\/uploads\/2024\/02\/EFLM-GREEN-LAB-BOOKLET-ROU.pdf\">EFLM-GREEN-LAB-BOOKLET-ROU<\/a><a href=\"https:\/\/amlr.ro\/wp-content\/uploads\/2024\/02\/EFLM-GREEN-LAB-BOOKLET-ROU.pdf\" class=\"wp-block-file__button wp-element-button\" download aria-describedby=\"wp-block-file--media-414a227b-c2d5-450d-a8db-c185e97aaa1e\">Download<\/a><\/div>\n<\/details>\n\n\n\n<p><\/p>\n","protected":false},"excerpt":{"rendered":"<p>Recomandarea comun\u0103 EFLM-COLABIOCLI pentru recoltarea s\u00e2ngelui venos &#8211; v 1.1, iunie 2018 Ana-Maria Simundic,&nbsp;the Working Group for Preanalytical Phase (WG-PRE)<\/p>\n","protected":false},"author":1,"featured_media":0,"parent":0,"menu_order":0,"comment_status":"closed","ping_status":"closed","template":"","meta":{"colormag_page_container_layout":"default_layout","colormag_page_sidebar_layout":"default_layout","footnotes":""},"class_list":["post-1195","page","type-page","status-publish","hentry"],"_links":{"self":[{"href":"https:\/\/amlr.ro\/index.php?rest_route=\/wp\/v2\/pages\/1195","targetHints":{"allow":["GET"]}}],"collection":[{"href":"https:\/\/amlr.ro\/index.php?rest_route=\/wp\/v2\/pages"}],"about":[{"href":"https:\/\/amlr.ro\/index.php?rest_route=\/wp\/v2\/types\/page"}],"author":[{"embeddable":true,"href":"https:\/\/amlr.ro\/index.php?rest_route=\/wp\/v2\/users\/1"}],"replies":[{"embeddable":true,"href":"https:\/\/amlr.ro\/index.php?rest_route=%2Fwp%2Fv2%2Fcomments&post=1195"}],"version-history":[{"count":7,"href":"https:\/\/amlr.ro\/index.php?rest_route=\/wp\/v2\/pages\/1195\/revisions"}],"predecessor-version":[{"id":1213,"href":"https:\/\/amlr.ro\/index.php?rest_route=\/wp\/v2\/pages\/1195\/revisions\/1213"}],"wp:attachment":[{"href":"https:\/\/amlr.ro\/index.php?rest_route=%2Fwp%2Fv2%2Fmedia&parent=1195"}],"curies":[{"name":"wp","href":"https:\/\/api.w.org\/{rel}","templated":true}]}}