{"id":11,"date":"2018-03-28T09:54:04","date_gmt":"2018-03-28T09:54:04","guid":{"rendered":"http:\/\/amlr.ro\/?page_id=11"},"modified":"2019-06-03T15:08:47","modified_gmt":"2019-06-03T12:08:47","slug":"grupuri-de-lucru","status":"publish","type":"page","link":"https:\/\/amlr.ro\/?page_id=11","title":{"rendered":"Grupuri de lucru"},"content":{"rendered":"<p>Cu ocazia adun\u0103rii generale desf\u0103\u015furat\u0103 \u00een cadrul Primului Congres al Asocia\u0163iei Laboratoarelor Medicale din Rom\u00e2nia cu Participare Interna\u0163ional\u0103 din 24-27 iunie 2009, T\u00e2rgu Mure\u015f, s-au votat urm\u0103toarele grupuri de lucru \u00een domeniul medicinei de laborator:<\/p>\n<div class=\"content_item\">\n<ul>\n<li>Biochimie<\/li>\n<li>Imunologie<\/li>\n<li>Microbiologie<\/li>\n<li>Hematologie<\/li>\n<li>Coagulare<\/li>\n<li>Control de calitate<\/li>\n<\/ul>\n<p>Scopul principal al acestor grupuri de lucru este elaborarea unor manuale de specialitate \u00een toate domeniile medicinei de laborator, care s\u0103 vin\u0103 \u00een primul r\u00e2nd \u00een ajutorul medicilor reziden\u0163i \u00een vederea aprofund\u0103rii cuno\u015ftin\u0163elor cu privire la tehnicile \u015fi protocoalele de lucru \u00een laborator.<\/p>\n<p>Grupurile de lucru sunt conduse de personalit\u0103\u0163i remarcabile din domeniul medicinei de laborator, av\u00e2nd ca obiectiv crearea unui cadru na\u0163ional de colaborare, care va duce la promovarea activit\u0103\u0163ii educa\u0163ionale prin organizarea de ateliere de lucru, cursuri \u015fi programe de schimb, ajut\u00e2nd astfel la transferul de cuno\u015ftin\u0163e \u00een domeniu \u015fi la aplicarea de noi strategii de diagnostic.<\/p>\n<table>\n<tbody>\n<tr class=\"odd\">\n<th class=\"firstcol\" width=\"20%\">Grup de lucru<\/th>\n<th width=\"30%\">Conduc\u0103tor<\/th>\n<th width=\"50%\">Institu\u0163ie<\/th>\n<\/tr>\n<tr class=\"even\">\n<td class=\"firstcol\">Biochimie<\/td>\n<td>Conf. Univ. Ioana Bruda\u015fc\u0103<\/td>\n<td>UMF Iuliu Ha\u0163ieganu<\/td>\n<\/tr>\n<tr class=\"odd\">\n<td class=\"firstcol\">Imunologie<\/td>\n<td>Prof. Univ. Anca Cristea<\/td>\n<td>UMF Iuliu Ha\u0163ieganu<\/td>\n<\/tr>\n<tr class=\"even\">\n<td class=\"firstcol\">Microbiologie<\/td>\n<td>Dr. Olga Dorob\u0103\u0163<\/td>\n<td>Institutul Na\u0163ional de Boli Infec\u0163ioase Matei Bal\u015f, Bucure\u015fti<\/td>\n<\/tr>\n<tr class=\"odd\">\n<td class=\"firstcol\">Hematologie<\/td>\n<td>Dr. Mariana Pa\u0163iu<\/td>\n<td>Institutul Oncologic I. Chiricu\u0163\u0103, Cluj<\/td>\n<\/tr>\n<tr class=\"even\">\n<td class=\"firstcol\">Coagulare<\/td>\n<td>Dr. Ioana Culea<\/td>\n<td>Institutul Na\u0163ional de Hematologie Transfuzional\u0103, Bucure\u015fti<\/td>\n<\/tr>\n<tr class=\"odd\">\n<td class=\"firstcol\">Control de calitate<\/td>\n<td>Dr. Laz\u0103r Crezante<\/td>\n<td>Societatea Rom\u00e2n\u0103 pentru Asigurarea \u015fi Controlul Extern al Calit\u0103\u0163ii \u00een Medicina de Laborator<\/td>\n<\/tr>\n<\/tbody>\n<\/table>\n<\/div>\n","protected":false},"excerpt":{"rendered":"<p>Cu ocazia adun\u0103rii generale desf\u0103\u015furat\u0103 \u00een cadrul Primului Congres al Asocia\u0163iei Laboratoarelor Medicale din Rom\u00e2nia cu Participare Interna\u0163ional\u0103 din 24-27<\/p>\n","protected":false},"author":1,"featured_media":0,"parent":0,"menu_order":0,"comment_status":"closed","ping_status":"closed","template":"","meta":{"colormag_page_container_layout":"default_layout","colormag_page_sidebar_layout":"default_layout","footnotes":""},"class_list":["post-11","page","type-page","status-publish","hentry"],"_links":{"self":[{"href":"https:\/\/amlr.ro\/index.php?rest_route=\/wp\/v2\/pages\/11","targetHints":{"allow":["GET"]}}],"collection":[{"href":"https:\/\/amlr.ro\/index.php?rest_route=\/wp\/v2\/pages"}],"about":[{"href":"https:\/\/amlr.ro\/index.php?rest_route=\/wp\/v2\/types\/page"}],"author":[{"embeddable":true,"href":"https:\/\/amlr.ro\/index.php?rest_route=\/wp\/v2\/users\/1"}],"replies":[{"embeddable":true,"href":"https:\/\/amlr.ro\/index.php?rest_route=%2Fwp%2Fv2%2Fcomments&post=11"}],"version-history":[{"count":3,"href":"https:\/\/amlr.ro\/index.php?rest_route=\/wp\/v2\/pages\/11\/revisions"}],"predecessor-version":[{"id":590,"href":"https:\/\/amlr.ro\/index.php?rest_route=\/wp\/v2\/pages\/11\/revisions\/590"}],"wp:attachment":[{"href":"https:\/\/amlr.ro\/index.php?rest_route=%2Fwp%2Fv2%2Fmedia&parent=11"}],"curies":[{"name":"wp","href":"https:\/\/api.w.org\/{rel}","templated":true}]}}