{"id":104,"date":"2018-03-29T01:18:12","date_gmt":"2018-03-28T22:18:12","guid":{"rendered":"http:\/\/amlr.ro\/?page_id=104"},"modified":"2018-03-29T01:18:12","modified_gmt":"2018-03-28T22:18:12","slug":"masterat","status":"publish","type":"page","link":"https:\/\/amlr.ro\/?page_id=104","title":{"rendered":"Masterat"},"content":{"rendered":"<div class=\"maincontent_large\">\n<h1>Masterat in Laborator Clinic la Universitatea de Medicina \u0219i Farmacie T\u00e2rgu Mure\u0219<\/h1>\n<p><a href=\"http:\/\/www.umftgm.ro\/masterat\/medicina\/laborator-clinic.html\" target=\"_blank\" rel=\"noopener\">Programul de master \u00een &#8220;Laborator Clinic&#8221;<\/a> este organizat de Facultatea de Medicin\u0103 a UMF T\u00eergu Mure\u0219 \u0219i este adresat absolven\u021bilor Facult\u0103\u021bilor de Biologie, Biochimie, Chimie \u0219i Farmacie, av\u00e2nd scopul form\u0103rii de abilit\u0103\u021bi medicale \u00een activitatea de laborator. Programul corespunde cerin\u021belor de preg\u0103tire europene \u00een domeniu \u0219i presupune o preg\u0103tire multidisciplinar\u0103 polivalent\u0103 a speciali\u0219tilor care lucreaz\u0103 \u00een laboratoarele medicale, fiind structurat pe urm\u0103toarele module: Fundamentele fiziologice ale medicinei interne, Biochimie clinic\u0103 (general\u0103 \u0219i implica\u021bii practice), Imunologie (general\u0103 \u0219i implica\u021bii practice), Hematologie (Examenul s\u00e2ngelui \u015fi al m\u0103duvei osoase, patologie eritrocitara, leucocitar\u0103, imunohematologie, hematologie transfuzional\u0103, hemostaza \u0219i tromboza \u2013 evaluarea \u00een laborator), Genetic\u0103, Biologie Celular\u0103 \u0219i Molecular\u0103, Citologia lichidelor de epan\u0219ament, Microbiologie medical\u0103 (Bacteriologie, Micologie, Virusologie, Parazitologie, Diagnosticul de laborator al infec\u0163iei), No\u021biuni fundamentale de Biostatistic\u0103, Metodologia \u0219i etica cercet\u0103rii \u00een laboratorul de analize medicale, Sistemul de management al calit\u0103\u021bii \u00een laboratorul de analize medicale.<\/p>\n<p>Absolven\u021bii acestui program de masterat \u00ee\u0219i vor putea g\u0103si locuri de munc\u0103 \u00een \u021bar\u0103 c\u00e2t \u0219i \u00een \u021b\u0103rile membre ale Uniunii Europene, \u00een diverse laboratoare sau institute de cercetare.<\/p>\n<p>Durata masteratului este de 2 ani (organiza\u021bi \u00een 3 semestere de preg\u0103tire teoretic\u0103 \u0219i practic\u0103 \u0219i un semestru de preg\u0103tire exclusiv practic\u0103). \u00cen fiecare an sunt disponibile 15 locuri de preg\u0103tire, dintre care 10 sunt bugetate. Ocuparea acestora se face in ordinea mediilor obtinute la concursul de admitere, iar in anul II locurile bugetate se redistribuie in ordinea mediilor obtinute la finalul anului I. Taxa de \u0219colarizare pentru locurile nebugetate este de 2500 RON\/an (achitat\u0103 trimestrial).<\/p>\n<p>Admiterea se organizeaz\u0103 \u00een UMF Tirgu Mure\u0219 \u00een fiecare an \u00een luna septembrie. Examenul de admitere se face pe baz\u0103 de interviu si test gril\u0103 din <a href=\"http:\/\/www.umftgm.ro\/fileadmin\/master\/Laborator\/Tematica_si_bibliografia-_EXAMENULUI_DE_ADMITERE_LA_MASTERAT-septembrie_2012.pdf\" target=\"_blank\" rel=\"noopener\">tematica bibliografia<\/a> comunicat\u0103 pe site-ul universit\u0103\u021bii, cu cel pu\u021bin o lun\u0103 \u00eenainte de sus\u021binerea examenului<\/p>\n<p>DIRECTOR DE PROGRAM<\/p>\n<p>Prof. dr. Minodora Dobreanu<\/p>\n<\/div>\n","protected":false},"excerpt":{"rendered":"<p>Masterat in Laborator Clinic la Universitatea de Medicina \u0219i Farmacie T\u00e2rgu Mure\u0219 Programul de master \u00een &#8220;Laborator Clinic&#8221; este organizat<\/p>\n","protected":false},"author":1,"featured_media":0,"parent":12,"menu_order":0,"comment_status":"closed","ping_status":"closed","template":"","meta":{"colormag_page_container_layout":"default_layout","colormag_page_sidebar_layout":"default_layout","footnotes":""},"class_list":["post-104","page","type-page","status-publish","hentry"],"_links":{"self":[{"href":"https:\/\/amlr.ro\/index.php?rest_route=\/wp\/v2\/pages\/104","targetHints":{"allow":["GET"]}}],"collection":[{"href":"https:\/\/amlr.ro\/index.php?rest_route=\/wp\/v2\/pages"}],"about":[{"href":"https:\/\/amlr.ro\/index.php?rest_route=\/wp\/v2\/types\/page"}],"author":[{"embeddable":true,"href":"https:\/\/amlr.ro\/index.php?rest_route=\/wp\/v2\/users\/1"}],"replies":[{"embeddable":true,"href":"https:\/\/amlr.ro\/index.php?rest_route=%2Fwp%2Fv2%2Fcomments&post=104"}],"version-history":[{"count":1,"href":"https:\/\/amlr.ro\/index.php?rest_route=\/wp\/v2\/pages\/104\/revisions"}],"predecessor-version":[{"id":105,"href":"https:\/\/amlr.ro\/index.php?rest_route=\/wp\/v2\/pages\/104\/revisions\/105"}],"up":[{"embeddable":true,"href":"https:\/\/amlr.ro\/index.php?rest_route=\/wp\/v2\/pages\/12"}],"wp:attachment":[{"href":"https:\/\/amlr.ro\/index.php?rest_route=%2Fwp%2Fv2%2Fmedia&parent=104"}],"curies":[{"name":"wp","href":"https:\/\/api.w.org\/{rel}","templated":true}]}}